{"id":515,"date":"2025-01-27T21:06:08","date_gmt":"2025-01-27T20:06:08","guid":{"rendered":"https:\/\/lacuisineflottante.fr\/?page_id=515"},"modified":"2025-02-25T10:44:17","modified_gmt":"2025-02-25T09:44:17","slug":"mentions-legales","status":"publish","type":"page","link":"https:\/\/lacuisineflottante.fr\/index.php\/mentions-legales\/","title":{"rendered":"Mentions l\u00e9gales"},"content":{"rendered":"\n<p>Conform\u00e9ment \u00e0 la loi n\u00b0 2004-575 du 21 juin 2004 pour la confiance dans l&rsquo;\u00e9conomie num\u00e9rique (LCEN), il est pr\u00e9cis\u00e9 aux utilisateurs du site lacuisineflottante.fr l&rsquo;identit\u00e9 des diff\u00e9rents intervenants dans le cadre de sa r\u00e9alisation et de son suivi.<\/p>\n\n\n\n<p><strong>Propri\u00e9taire du site :<\/strong><\/p>\n\n\n\n<p>Nom de l&rsquo;entreprise : ASG<br>Forme juridique : Soci\u00e9t\u00e9 par Actions Simplifi\u00e9e<br>Si\u00e8ge social : 73 T RUE BERBISEY 21000 DIJON<br>E-mail : contact@lacuisineflottante.fr<br>SIRET : 81155342900036<br>Num\u00e9ro TVA intracommunautaire : FR69811553429<\/p>\n\n\n\n<p><strong>Directeur de publication :<\/strong><br>La cuisine flottante<br>Email : contact@lacuisineflottante.fr<\/p>\n\n\n\n<p><strong>H\u00e9bergeur :<\/strong><br>Nom de l&rsquo;h\u00e9bergeur : OVH<br>Adresse :SAS au capital de 50 000 000 \u20ac<br>RCS Lille M\u00e9tropole 424 761 419 00045<br>Code APE 2620Z<br>N\u00b0 TVA : FR 22 424 761 419<br>Si\u00e8ge social : 2 rue Kellermann &#8211; 59100 Roubaix &#8211; France<\/p>\n\n\n\n<p><strong>Propri\u00e9t\u00e9 intellectuelle :<\/strong><\/p>\n\n\n\n<p>Le contenu du site lacuisineflottante.fr (textes, images, logos, vid\u00e9os, etc.) est la propri\u00e9t\u00e9 exclusive de lacuisineflottante.fr, sauf mention contraire. Toute reproduction ou utilisation non autoris\u00e9e est interdite.<\/p>\n\n\n\n<p><strong>Donn\u00e9es personnelles :<\/strong><\/p>\n\n\n\n<p>Aucune donn\u00e9e personnelle n&rsquo;est collect\u00e9e sur ce site. <br><strong>Cookies :<\/strong><\/p>\n\n\n\n<p>Le site n&rsquo;utilise pas de de cookie.<\/p>\n\n\n\n<p><\/p>\n","protected":false},"excerpt":{"rendered":"<p>Conform\u00e9ment \u00e0 la loi n\u00b0 2004-575 du 21 juin 2004 pour la confiance dans l&rsquo;\u00e9conomie num\u00e9rique (LCEN), il est pr\u00e9cis\u00e9 aux utilisateurs du site lacuisineflottante.fr l&rsquo;identit\u00e9 des diff\u00e9rents intervenants dans le cadre de sa r\u00e9alisation et de son suivi. Propri\u00e9taire du site : Nom de l&rsquo;entreprise : ASGForme juridique : Soci\u00e9t\u00e9 par Actions Simplifi\u00e9eSi\u00e8ge social [&hellip;]<\/p>\n","protected":false},"author":1,"featured_media":0,"parent":0,"menu_order":0,"comment_status":"closed","ping_status":"closed","template":"","meta":{"footnotes":""},"class_list":["post-515","page","type-page","status-publish","hentry"],"yoast_head":"<!-- This site is optimized with the Yoast SEO plugin v24.7 - https:\/\/yoast.com\/wordpress\/plugins\/seo\/ -->\n<title>Mentions l\u00e9gales - La cuisine flottante<\/title>\n<meta name=\"robots\" content=\"index, follow, max-snippet:-1, max-image-preview:large, max-video-preview:-1\" \/>\n<link rel=\"canonical\" href=\"https:\/\/lacuisineflottante.fr\/index.php\/mentions-legales\/\" \/>\n<meta property=\"og:locale\" content=\"fr_FR\" \/>\n<meta property=\"og:type\" content=\"article\" \/>\n<meta property=\"og:title\" content=\"Mentions l\u00e9gales - La cuisine flottante\" \/>\n<meta property=\"og:description\" content=\"Conform\u00e9ment \u00e0 la loi n\u00b0 2004-575 du 21 juin 2004 pour la confiance dans l&rsquo;\u00e9conomie num\u00e9rique (LCEN), il est pr\u00e9cis\u00e9 aux utilisateurs du site lacuisineflottante.fr l&rsquo;identit\u00e9 des diff\u00e9rents intervenants dans le cadre de sa r\u00e9alisation et de son suivi. Propri\u00e9taire du site : Nom de l&rsquo;entreprise : ASGForme juridique : Soci\u00e9t\u00e9 par Actions Simplifi\u00e9eSi\u00e8ge social [&hellip;]\" \/>\n<meta property=\"og:url\" content=\"https:\/\/lacuisineflottante.fr\/index.php\/mentions-legales\/\" \/>\n<meta property=\"og:site_name\" content=\"La cuisine flottante\" \/>\n<meta property=\"article:modified_time\" content=\"2025-02-25T09:44:17+00:00\" \/>\n<meta property=\"og:image\" content=\"https:\/\/lacuisineflottante.fr\/wp-content\/uploads\/2024\/09\/DiapoLogoInv.jpg\" \/>\n\t<meta property=\"og:image:width\" content=\"1752\" \/>\n\t<meta property=\"og:image:height\" content=\"788\" \/>\n\t<meta property=\"og:image:type\" content=\"image\/jpeg\" \/>\n<meta name=\"twitter:card\" content=\"summary_large_image\" \/>\n<script type=\"application\/ld+json\" class=\"yoast-schema-graph\">{\"@context\":\"https:\/\/schema.org\",\"@graph\":[{\"@type\":\"WebPage\",\"@id\":\"https:\/\/lacuisineflottante.fr\/index.php\/mentions-legales\/\",\"url\":\"https:\/\/lacuisineflottante.fr\/index.php\/mentions-legales\/\",\"name\":\"Mentions l\u00e9gales - La cuisine flottante\",\"isPartOf\":{\"@id\":\"https:\/\/lacuisineflottante.fr\/#website\"},\"datePublished\":\"2025-01-27T20:06:08+00:00\",\"dateModified\":\"2025-02-25T09:44:17+00:00\",\"breadcrumb\":{\"@id\":\"https:\/\/lacuisineflottante.fr\/index.php\/mentions-legales\/#breadcrumb\"},\"inLanguage\":\"fr-FR\",\"potentialAction\":[{\"@type\":\"ReadAction\",\"target\":[\"https:\/\/lacuisineflottante.fr\/index.php\/mentions-legales\/\"]}]},{\"@type\":\"BreadcrumbList\",\"@id\":\"https:\/\/lacuisineflottante.fr\/index.php\/mentions-legales\/#breadcrumb\",\"itemListElement\":[{\"@type\":\"ListItem\",\"position\":1,\"name\":\"Accueil\",\"item\":\"https:\/\/lacuisineflottante.fr\/\"},{\"@type\":\"ListItem\",\"position\":2,\"name\":\"Mentions l\u00e9gales\"}]},{\"@type\":\"WebSite\",\"@id\":\"https:\/\/lacuisineflottante.fr\/#website\",\"url\":\"https:\/\/lacuisineflottante.fr\/\",\"name\":\"La cuisine flottante\",\"description\":\"Cuisine locale et chaloup\u00e9e\",\"publisher\":{\"@id\":\"https:\/\/lacuisineflottante.fr\/#organization\"},\"potentialAction\":[{\"@type\":\"SearchAction\",\"target\":{\"@type\":\"EntryPoint\",\"urlTemplate\":\"https:\/\/lacuisineflottante.fr\/?s={search_term_string}\"},\"query-input\":{\"@type\":\"PropertyValueSpecification\",\"valueRequired\":true,\"valueName\":\"search_term_string\"}}],\"inLanguage\":\"fr-FR\"},{\"@type\":\"Organization\",\"@id\":\"https:\/\/lacuisineflottante.fr\/#organization\",\"name\":\"La cuisine flottante\",\"url\":\"https:\/\/lacuisineflottante.fr\/\",\"logo\":{\"@type\":\"ImageObject\",\"inLanguage\":\"fr-FR\",\"@id\":\"https:\/\/lacuisineflottante.fr\/#\/schema\/logo\/image\/\",\"url\":\"https:\/\/lacuisineflottante.fr\/wp-content\/uploads\/2024\/05\/LogoG80.png\",\"contentUrl\":\"https:\/\/lacuisineflottante.fr\/wp-content\/uploads\/2024\/05\/LogoG80.png\",\"width\":127,\"height\":80,\"caption\":\"La cuisine flottante\"},\"image\":{\"@id\":\"https:\/\/lacuisineflottante.fr\/#\/schema\/logo\/image\/\"},\"sameAs\":[\"https:\/\/www.instagram.com\/lacuisineflottante\/?hl=fr\"]}]}<\/script>\n<!-- \/ Yoast SEO plugin. -->","yoast_head_json":{"title":"Mentions l\u00e9gales - La cuisine flottante","robots":{"index":"index","follow":"follow","max-snippet":"max-snippet:-1","max-image-preview":"max-image-preview:large","max-video-preview":"max-video-preview:-1"},"canonical":"https:\/\/lacuisineflottante.fr\/index.php\/mentions-legales\/","og_locale":"fr_FR","og_type":"article","og_title":"Mentions l\u00e9gales - La cuisine flottante","og_description":"Conform\u00e9ment \u00e0 la loi n\u00b0 2004-575 du 21 juin 2004 pour la confiance dans l&rsquo;\u00e9conomie num\u00e9rique (LCEN), il est pr\u00e9cis\u00e9 aux utilisateurs du site lacuisineflottante.fr l&rsquo;identit\u00e9 des diff\u00e9rents intervenants dans le cadre de sa r\u00e9alisation et de son suivi. Propri\u00e9taire du site : Nom de l&rsquo;entreprise : ASGForme juridique : Soci\u00e9t\u00e9 par Actions Simplifi\u00e9eSi\u00e8ge social [&hellip;]","og_url":"https:\/\/lacuisineflottante.fr\/index.php\/mentions-legales\/","og_site_name":"La cuisine flottante","article_modified_time":"2025-02-25T09:44:17+00:00","og_image":[{"width":1752,"height":788,"url":"https:\/\/lacuisineflottante.fr\/wp-content\/uploads\/2024\/09\/DiapoLogoInv.jpg","type":"image\/jpeg"}],"twitter_card":"summary_large_image","schema":{"@context":"https:\/\/schema.org","@graph":[{"@type":"WebPage","@id":"https:\/\/lacuisineflottante.fr\/index.php\/mentions-legales\/","url":"https:\/\/lacuisineflottante.fr\/index.php\/mentions-legales\/","name":"Mentions l\u00e9gales - La cuisine flottante","isPartOf":{"@id":"https:\/\/lacuisineflottante.fr\/#website"},"datePublished":"2025-01-27T20:06:08+00:00","dateModified":"2025-02-25T09:44:17+00:00","breadcrumb":{"@id":"https:\/\/lacuisineflottante.fr\/index.php\/mentions-legales\/#breadcrumb"},"inLanguage":"fr-FR","potentialAction":[{"@type":"ReadAction","target":["https:\/\/lacuisineflottante.fr\/index.php\/mentions-legales\/"]}]},{"@type":"BreadcrumbList","@id":"https:\/\/lacuisineflottante.fr\/index.php\/mentions-legales\/#breadcrumb","itemListElement":[{"@type":"ListItem","position":1,"name":"Accueil","item":"https:\/\/lacuisineflottante.fr\/"},{"@type":"ListItem","position":2,"name":"Mentions l\u00e9gales"}]},{"@type":"WebSite","@id":"https:\/\/lacuisineflottante.fr\/#website","url":"https:\/\/lacuisineflottante.fr\/","name":"La cuisine flottante","description":"Cuisine locale et chaloup\u00e9e","publisher":{"@id":"https:\/\/lacuisineflottante.fr\/#organization"},"potentialAction":[{"@type":"SearchAction","target":{"@type":"EntryPoint","urlTemplate":"https:\/\/lacuisineflottante.fr\/?s={search_term_string}"},"query-input":{"@type":"PropertyValueSpecification","valueRequired":true,"valueName":"search_term_string"}}],"inLanguage":"fr-FR"},{"@type":"Organization","@id":"https:\/\/lacuisineflottante.fr\/#organization","name":"La cuisine flottante","url":"https:\/\/lacuisineflottante.fr\/","logo":{"@type":"ImageObject","inLanguage":"fr-FR","@id":"https:\/\/lacuisineflottante.fr\/#\/schema\/logo\/image\/","url":"https:\/\/lacuisineflottante.fr\/wp-content\/uploads\/2024\/05\/LogoG80.png","contentUrl":"https:\/\/lacuisineflottante.fr\/wp-content\/uploads\/2024\/05\/LogoG80.png","width":127,"height":80,"caption":"La cuisine flottante"},"image":{"@id":"https:\/\/lacuisineflottante.fr\/#\/schema\/logo\/image\/"},"sameAs":["https:\/\/www.instagram.com\/lacuisineflottante\/?hl=fr"]}]}},"_links":{"self":[{"href":"https:\/\/lacuisineflottante.fr\/index.php\/wp-json\/wp\/v2\/pages\/515","targetHints":{"allow":["GET"]}}],"collection":[{"href":"https:\/\/lacuisineflottante.fr\/index.php\/wp-json\/wp\/v2\/pages"}],"about":[{"href":"https:\/\/lacuisineflottante.fr\/index.php\/wp-json\/wp\/v2\/types\/page"}],"author":[{"embeddable":true,"href":"https:\/\/lacuisineflottante.fr\/index.php\/wp-json\/wp\/v2\/users\/1"}],"replies":[{"embeddable":true,"href":"https:\/\/lacuisineflottante.fr\/index.php\/wp-json\/wp\/v2\/comments?post=515"}],"version-history":[{"count":3,"href":"https:\/\/lacuisineflottante.fr\/index.php\/wp-json\/wp\/v2\/pages\/515\/revisions"}],"predecessor-version":[{"id":555,"href":"https:\/\/lacuisineflottante.fr\/index.php\/wp-json\/wp\/v2\/pages\/515\/revisions\/555"}],"wp:attachment":[{"href":"https:\/\/lacuisineflottante.fr\/index.php\/wp-json\/wp\/v2\/media?parent=515"}],"curies":[{"name":"wp","href":"https:\/\/api.w.org\/{rel}","templated":true}]}}